{"id":5655,"date":"2024-09-17T10:27:57","date_gmt":"2024-09-17T10:27:57","guid":{"rendered":"https:\/\/www.storiaememorie.org\/el-i-i-bergese-de-genova-en-argentina\/"},"modified":"2024-10-29T09:24:04","modified_gmt":"2024-10-29T09:24:04","slug":"el-i-i-bergese-de-genova-en-argentina","status":"publish","type":"page","link":"https:\/\/www.storiaememorie.org\/es\/escuelas\/el-i-i-bergese-de-genova-en-argentina\/","title":{"rendered":"El I.I. Bergese de G\u00e9nova en Argentina"},"content":{"rendered":"\t\t<div data-elementor-type=\"wp-page\" data-elementor-id=\"5655\" class=\"elementor elementor-5655\" data-elementor-post-type=\"page\">\n\t\t\t\t\t\t<div class=\"elementor-section elementor-top-section elementor-element elementor-element-3b1bf09 elementor-section-full_width elementor-section-height-default elementor-section-height-default\" data-id=\"3b1bf09\" data-element_type=\"section\">\n\t\t\t\t\t\t<div class=\"elementor-container elementor-column-gap-no\">\n\t\t\t\t\t<div class=\"elementor-column elementor-col-100 elementor-top-column elementor-element elementor-element-598d12c\" data-id=\"598d12c\" data-element_type=\"column\">\n\t\t\t<div class=\"elementor-widget-wrap elementor-element-populated\">\n\t\t\t\t\t\t<div class=\"elementor-element elementor-element-e72b95a elementor-widget elementor-widget-Falar_Sustainability\" data-id=\"e72b95a\" data-element_type=\"widget\" data-widget_type=\"Falar_Sustainability.default\">\n\t\t\t\t<div class=\"elementor-widget-container\">\n\t\t\t\t\t\r\n        <!-- Sustainability Warp Start -->\r\n        <div class=\"sustainability-warp pb-100\">\r\n            <div class=\"container\">\r\n                <div class=\"row\">\r\n                    <div class=\"col-lg-6\">\r\n                        <div class=\"sustainability-content\">\r\n                                                            <h2 class=\"reveal3\">\r\n                                    Estudiantes de G\u00e9nova en Avellaneda, Argentina: Un Viaje entre Cultura, Historia y Emigraci\u00f3n                                <\/h2>\r\n                             \r\n                                                            <p>\r\n                                    En 2023, los alumnos del Instituto Bergese de G\u00e9nova participaron en el proyecto Frisali \"Historia y Memorias\" en Argentina. Durante el viaje a Avellaneda, tuvieron la oportunidad de explorar la ciudad y participar en diversas actividades culturales. Al encontrarse con personas de origen italiano, compartieron experiencias relacionadas con la emigraci\u00f3n, reforzando los lazos culturales entre Italia y Argentina. La estancia concluy\u00f3 con saludos y encuentros significativos que dejaron un impacto positivo en los participantes.                                <\/p>\r\n                             \r\n                            <ul class=\"sustainability-list\">\r\n                                                                    <li>\r\n                                        <i class=\"ti ti-check\"><\/i>\r\n                                        Periodo:                                     <\/li>\r\n                                                                    <li>\r\n                                        <i class=\"ti ti-check\"><\/i>\r\n                                        Participaron:                                    <\/li>\r\n                                                            <\/ul>\r\n                        <\/div>\r\n                    <\/div>\r\n                    <div class=\"col-lg-6\">\r\n                        <div class=\"sustainability-image\">\r\n                            <div class=\"row\">\r\n                                <div class=\"col-lg-6 col-md-6\">\r\n                                                                            <div class=\"image style1\">\r\n                                            <img decoding=\"async\" src=\"https:\/\/www.storiaememorie.org\/wp-content\/uploads\/2024\/10\/16001923220-Avellaneda-773x458-1.jpg\" alt=\"image\">\r\n                                        <\/div>\r\n                                                                    <\/div>\r\n                                <div class=\"col-lg-6 col-md-6\">\r\n                                                                    <\/div>\r\n                            <\/div>\r\n                        <\/div>\r\n                    <\/div>\r\n                <\/div>\r\n            <\/div>\r\n        <\/div>\r\n        <!-- Sustainability Warp End -->\r\n        \t\t\t\t<\/div>\n\t\t\t\t<\/div>\n\t\t\t\t\t<\/div>\n\t\t<\/div>\n\t\t\t\t\t<\/div>\n\t\t<\/div>\n\t\t<div class=\"elementor-element elementor-element-e67c3eb e-con-full e-flex e-con e-parent\" data-id=\"e67c3eb\" data-element_type=\"container\">\n\t\t\t\t<div class=\"elementor-element elementor-element-5ad9f01 elementor-widget-divider--view-line elementor-widget elementor-widget-divider\" data-id=\"5ad9f01\" data-element_type=\"widget\" data-widget_type=\"divider.default\">\n\t\t\t\t<div class=\"elementor-widget-container\">\n\t\t\t\t\t\t\t<div class=\"elementor-divider\">\n\t\t\t<span class=\"elementor-divider-separator\">\n\t\t\t\t\t\t<\/span>\n\t\t<\/div>\n\t\t\t\t\t\t<\/div>\n\t\t\t\t<\/div>\n\t\t\t\t<\/div>\n\t\t<div class=\"elementor-element elementor-element-292fadb e-con-full e-flex e-con e-parent\" data-id=\"292fadb\" data-element_type=\"container\">\n\t\t\t\t<div class=\"elementor-element elementor-element-f7091bf elementor-widget elementor-widget-heading\" data-id=\"f7091bf\" data-element_type=\"widget\" data-widget_type=\"heading.default\">\n\t\t\t\t<div class=\"elementor-widget-container\">\n\t\t\t\t\t<h2 class=\"elementor-heading-title elementor-size-default\">Resultados<\/h2>\t\t\t\t<\/div>\n\t\t\t\t<\/div>\n\t\t\t\t<\/div>\n\t\t<div class=\"elementor-element elementor-element-5e5c7f0 e-con-full e-flex e-con e-parent\" data-id=\"5e5c7f0\" data-element_type=\"container\">\n\t\t<div class=\"elementor-element elementor-element-2d17b1f e-con-full e-flex e-con e-child\" data-id=\"2d17b1f\" data-element_type=\"container\">\n\t\t\t\t<\/div>\n\t\t<div class=\"elementor-element elementor-element-4838347 e-con-full e-flex e-con e-child\" data-id=\"4838347\" data-element_type=\"container\">\n\t\t\t\t<\/div>\n\t\t<div class=\"elementor-element elementor-element-198880f e-con-full e-flex e-con e-child\" data-id=\"198880f\" data-element_type=\"container\">\n\t\t\t\t<\/div>\n\t\t<div class=\"elementor-element elementor-element-2b43ecf e-con-full e-flex e-con e-child\" data-id=\"2b43ecf\" data-element_type=\"container\">\n\t\t\t\t<\/div>\n\t\t\t\t<\/div>\n\t\t<div class=\"elementor-element elementor-element-9120195 e-con-full e-flex e-con e-parent\" data-id=\"9120195\" data-element_type=\"container\">\n\t\t<div class=\"elementor-element elementor-element-2a50af1 e-con-full e-flex e-con e-child\" data-id=\"2a50af1\" data-element_type=\"container\">\n\t\t\t\t<\/div>\n\t\t<div class=\"elementor-element elementor-element-8bd4b25 e-con-full e-flex e-con e-child\" data-id=\"8bd4b25\" data-element_type=\"container\">\n\t\t\t\t<\/div>\n\t\t<div class=\"elementor-element elementor-element-0537021 e-con-full e-flex e-con e-child\" data-id=\"0537021\" data-element_type=\"container\">\n\t\t\t\t<\/div>\n\t\t\t\t<\/div>\n\t\t<div class=\"elementor-element elementor-element-0ae7119 e-con-full e-flex e-con e-parent\" data-id=\"0ae7119\" data-element_type=\"container\">\n\t\t\t\t<div class=\"elementor-element elementor-element-d5e0d2f elementor-widget elementor-widget-menu-anchor\" data-id=\"d5e0d2f\" data-element_type=\"widget\" data-widget_type=\"menu-anchor.default\">\n\t\t\t\t<div class=\"elementor-widget-container\">\n\t\t\t\t\t\t\t<div class=\"elementor-menu-anchor\" id=\"galera\"><\/div>\n\t\t\t\t\t\t<\/div>\n\t\t\t\t<\/div>\n\t\t\t\t<div class=\"elementor-element elementor-element-a54e2c9 elementor-widget-divider--view-line elementor-widget elementor-widget-divider\" data-id=\"a54e2c9\" data-element_type=\"widget\" data-widget_type=\"divider.default\">\n\t\t\t\t<div class=\"elementor-widget-container\">\n\t\t\t\t\t\t\t<div class=\"elementor-divider\">\n\t\t\t<span class=\"elementor-divider-separator\">\n\t\t\t\t\t\t<\/span>\n\t\t<\/div>\n\t\t\t\t\t\t<\/div>\n\t\t\t\t<\/div>\n\t\t\t\t<\/div>\n\t\t<div class=\"elementor-element elementor-element-5c3dfd3 e-con-full e-flex e-con e-parent\" data-id=\"5c3dfd3\" data-element_type=\"container\">\n\t\t\t\t<div class=\"elementor-element elementor-element-0787e01 elementor-widget elementor-widget-heading\" data-id=\"0787e01\" data-element_type=\"widget\" data-widget_type=\"heading.default\">\n\t\t\t\t<div class=\"elementor-widget-container\">\n\t\t\t\t\t<h2 class=\"elementor-heading-title elementor-size-default\">Galer\u00eda de fotos<\/h2>\t\t\t\t<\/div>\n\t\t\t\t<\/div>\n\t\t\t\t<\/div>\n\t\t\t\t<\/div>\n\t\t","protected":false},"excerpt":{"rendered":"<p>Estudiantes de G\u00e9nova en Avellaneda, Argentina: Un Viaje entre Cultura, Historia y Emigraci\u00f3n En 2023, los alumnos del Instituto Bergese de G\u00e9nova participaron en el proyecto Frisali \u00abHistoria y Memorias\u00bb en Argentina. Durante el viaje a Avellaneda, tuvieron la oportunidad de explorar la ciudad y participar en diversas actividades culturales. Al encontrarse con personas de <\/p>\n","protected":false},"author":1,"featured_media":0,"parent":5845,"menu_order":0,"comment_status":"closed","ping_status":"closed","template":"","meta":{"_acf_changed":false,"footnotes":""},"class_list":["post-5655","page","type-page","status-publish","hentry"],"acf":[],"yoast_head":"<!-- This site is optimized with the Yoast SEO plugin v26.3 - https:\/\/yoast.com\/wordpress\/plugins\/seo\/ -->\n<title>El I.I. Bergese de G\u00e9nova en Argentina - Storia e Memorie<\/title>\n<meta name=\"robots\" content=\"index, follow, max-snippet:-1, max-image-preview:large, max-video-preview:-1\" \/>\n<link rel=\"canonical\" href=\"https:\/\/www.storiaememorie.org\/scuole\/il-i-i-bergese-di-genova-in-argentina\/\" \/>\n<meta property=\"og:locale\" content=\"es_ES\" \/>\n<meta property=\"og:type\" content=\"article\" \/>\n<meta property=\"og:title\" content=\"El I.I. Bergese de G\u00e9nova en Argentina - Storia e Memorie\" \/>\n<meta property=\"og:description\" content=\"Estudiantes de G\u00e9nova en Avellaneda, Argentina: Un Viaje entre Cultura, Historia y Emigraci\u00f3n En 2023, los alumnos del Instituto Bergese de G\u00e9nova participaron en el proyecto Frisali \u00abHistoria y Memorias\u00bb en Argentina. Durante el viaje a Avellaneda, tuvieron la oportunidad de explorar la ciudad y participar en diversas actividades culturales. Al encontrarse con personas de\" \/>\n<meta property=\"og:url\" content=\"https:\/\/www.storiaememorie.org\/scuole\/il-i-i-bergese-di-genova-in-argentina\/\" \/>\n<meta property=\"og:site_name\" content=\"Storia e Memorie\" \/>\n<meta property=\"article:modified_time\" content=\"2024-10-29T09:24:04+00:00\" \/>\n<meta property=\"og:image\" content=\"https:\/\/www.storiaememorie.org\/wp-content\/uploads\/2024\/10\/16001923220-Avellaneda-773x458-1.jpg\" \/>\n<meta name=\"twitter:card\" content=\"summary_large_image\" \/>\n<meta name=\"twitter:label1\" content=\"Tiempo de lectura\" \/>\n\t<meta name=\"twitter:data1\" content=\"1 minuto\" \/>\n<script type=\"application\/ld+json\" class=\"yoast-schema-graph\">{\"@context\":\"https:\/\/schema.org\",\"@graph\":[{\"@type\":\"WebPage\",\"@id\":\"https:\/\/www.storiaememorie.org\/scuole\/il-i-i-bergese-di-genova-in-argentina\/\",\"url\":\"https:\/\/www.storiaememorie.org\/scuole\/il-i-i-bergese-di-genova-in-argentina\/\",\"name\":\"El I.I. Bergese de G\u00e9nova en Argentina - Storia e Memorie\",\"isPartOf\":{\"@id\":\"https:\/\/www.storiaememorie.org\/#website\"},\"primaryImageOfPage\":{\"@id\":\"https:\/\/www.storiaememorie.org\/scuole\/il-i-i-bergese-di-genova-in-argentina\/#primaryimage\"},\"image\":{\"@id\":\"https:\/\/www.storiaememorie.org\/scuole\/il-i-i-bergese-di-genova-in-argentina\/#primaryimage\"},\"thumbnailUrl\":\"https:\/\/www.storiaememorie.org\/wp-content\/uploads\/2024\/10\/16001923220-Avellaneda-773x458-1.jpg\",\"datePublished\":\"2024-09-17T10:27:57+00:00\",\"dateModified\":\"2024-10-29T09:24:04+00:00\",\"breadcrumb\":{\"@id\":\"https:\/\/www.storiaememorie.org\/scuole\/il-i-i-bergese-di-genova-in-argentina\/#breadcrumb\"},\"inLanguage\":\"es\",\"potentialAction\":[{\"@type\":\"ReadAction\",\"target\":[\"https:\/\/www.storiaememorie.org\/scuole\/il-i-i-bergese-di-genova-in-argentina\/\"]}]},{\"@type\":\"ImageObject\",\"inLanguage\":\"es\",\"@id\":\"https:\/\/www.storiaememorie.org\/scuole\/il-i-i-bergese-di-genova-in-argentina\/#primaryimage\",\"url\":\"https:\/\/www.storiaememorie.org\/wp-content\/uploads\/2024\/10\/16001923220-Avellaneda-773x458-1.jpg\",\"contentUrl\":\"https:\/\/www.storiaememorie.org\/wp-content\/uploads\/2024\/10\/16001923220-Avellaneda-773x458-1.jpg\"},{\"@type\":\"BreadcrumbList\",\"@id\":\"https:\/\/www.storiaememorie.org\/scuole\/il-i-i-bergese-di-genova-in-argentina\/#breadcrumb\",\"itemListElement\":[{\"@type\":\"ListItem\",\"position\":1,\"name\":\"Home\",\"item\":\"https:\/\/www.storiaememorie.org\/es\/inicio\/\"},{\"@type\":\"ListItem\",\"position\":2,\"name\":\"Escuelas\",\"item\":\"https:\/\/www.storiaememorie.org\/scuole\/\"},{\"@type\":\"ListItem\",\"position\":3,\"name\":\"El I.I. Bergese de G\u00e9nova en Argentina\"}]},{\"@type\":\"WebSite\",\"@id\":\"https:\/\/www.storiaememorie.org\/#website\",\"url\":\"https:\/\/www.storiaememorie.org\/\",\"name\":\"Storia e Memorie\",\"description\":\"&quot;Storia e memorie&quot;, sulle strade della emigrazione italiana\",\"potentialAction\":[{\"@type\":\"SearchAction\",\"target\":{\"@type\":\"EntryPoint\",\"urlTemplate\":\"https:\/\/www.storiaememorie.org\/?s={search_term_string}\"},\"query-input\":{\"@type\":\"PropertyValueSpecification\",\"valueRequired\":true,\"valueName\":\"search_term_string\"}}],\"inLanguage\":\"es\"}]}<\/script>\n<!-- \/ Yoast SEO plugin. -->","yoast_head_json":{"title":"El I.I. Bergese de G\u00e9nova en Argentina - Storia e Memorie","robots":{"index":"index","follow":"follow","max-snippet":"max-snippet:-1","max-image-preview":"max-image-preview:large","max-video-preview":"max-video-preview:-1"},"canonical":"https:\/\/www.storiaememorie.org\/scuole\/il-i-i-bergese-di-genova-in-argentina\/","og_locale":"es_ES","og_type":"article","og_title":"El I.I. Bergese de G\u00e9nova en Argentina - Storia e Memorie","og_description":"Estudiantes de G\u00e9nova en Avellaneda, Argentina: Un Viaje entre Cultura, Historia y Emigraci\u00f3n En 2023, los alumnos del Instituto Bergese de G\u00e9nova participaron en el proyecto Frisali \u00abHistoria y Memorias\u00bb en Argentina. Durante el viaje a Avellaneda, tuvieron la oportunidad de explorar la ciudad y participar en diversas actividades culturales. Al encontrarse con personas de","og_url":"https:\/\/www.storiaememorie.org\/scuole\/il-i-i-bergese-di-genova-in-argentina\/","og_site_name":"Storia e Memorie","article_modified_time":"2024-10-29T09:24:04+00:00","og_image":[{"url":"https:\/\/www.storiaememorie.org\/wp-content\/uploads\/2024\/10\/16001923220-Avellaneda-773x458-1.jpg","type":"","width":"","height":""}],"twitter_card":"summary_large_image","twitter_misc":{"Tiempo de lectura":"1 minuto"},"schema":{"@context":"https:\/\/schema.org","@graph":[{"@type":"WebPage","@id":"https:\/\/www.storiaememorie.org\/scuole\/il-i-i-bergese-di-genova-in-argentina\/","url":"https:\/\/www.storiaememorie.org\/scuole\/il-i-i-bergese-di-genova-in-argentina\/","name":"El I.I. Bergese de G\u00e9nova en Argentina - Storia e Memorie","isPartOf":{"@id":"https:\/\/www.storiaememorie.org\/#website"},"primaryImageOfPage":{"@id":"https:\/\/www.storiaememorie.org\/scuole\/il-i-i-bergese-di-genova-in-argentina\/#primaryimage"},"image":{"@id":"https:\/\/www.storiaememorie.org\/scuole\/il-i-i-bergese-di-genova-in-argentina\/#primaryimage"},"thumbnailUrl":"https:\/\/www.storiaememorie.org\/wp-content\/uploads\/2024\/10\/16001923220-Avellaneda-773x458-1.jpg","datePublished":"2024-09-17T10:27:57+00:00","dateModified":"2024-10-29T09:24:04+00:00","breadcrumb":{"@id":"https:\/\/www.storiaememorie.org\/scuole\/il-i-i-bergese-di-genova-in-argentina\/#breadcrumb"},"inLanguage":"es","potentialAction":[{"@type":"ReadAction","target":["https:\/\/www.storiaememorie.org\/scuole\/il-i-i-bergese-di-genova-in-argentina\/"]}]},{"@type":"ImageObject","inLanguage":"es","@id":"https:\/\/www.storiaememorie.org\/scuole\/il-i-i-bergese-di-genova-in-argentina\/#primaryimage","url":"https:\/\/www.storiaememorie.org\/wp-content\/uploads\/2024\/10\/16001923220-Avellaneda-773x458-1.jpg","contentUrl":"https:\/\/www.storiaememorie.org\/wp-content\/uploads\/2024\/10\/16001923220-Avellaneda-773x458-1.jpg"},{"@type":"BreadcrumbList","@id":"https:\/\/www.storiaememorie.org\/scuole\/il-i-i-bergese-di-genova-in-argentina\/#breadcrumb","itemListElement":[{"@type":"ListItem","position":1,"name":"Home","item":"https:\/\/www.storiaememorie.org\/es\/inicio\/"},{"@type":"ListItem","position":2,"name":"Escuelas","item":"https:\/\/www.storiaememorie.org\/scuole\/"},{"@type":"ListItem","position":3,"name":"El I.I. Bergese de G\u00e9nova en Argentina"}]},{"@type":"WebSite","@id":"https:\/\/www.storiaememorie.org\/#website","url":"https:\/\/www.storiaememorie.org\/","name":"Storia e Memorie","description":"&quot;Storia e memorie&quot;, sulle strade della emigrazione italiana","potentialAction":[{"@type":"SearchAction","target":{"@type":"EntryPoint","urlTemplate":"https:\/\/www.storiaememorie.org\/?s={search_term_string}"},"query-input":{"@type":"PropertyValueSpecification","valueRequired":true,"valueName":"search_term_string"}}],"inLanguage":"es"}]}},"_links":{"self":[{"href":"https:\/\/www.storiaememorie.org\/es\/wp-json\/wp\/v2\/pages\/5655","targetHints":{"allow":["GET"]}}],"collection":[{"href":"https:\/\/www.storiaememorie.org\/es\/wp-json\/wp\/v2\/pages"}],"about":[{"href":"https:\/\/www.storiaememorie.org\/es\/wp-json\/wp\/v2\/types\/page"}],"author":[{"embeddable":true,"href":"https:\/\/www.storiaememorie.org\/es\/wp-json\/wp\/v2\/users\/1"}],"replies":[{"embeddable":true,"href":"https:\/\/www.storiaememorie.org\/es\/wp-json\/wp\/v2\/comments?post=5655"}],"version-history":[{"count":5,"href":"https:\/\/www.storiaememorie.org\/es\/wp-json\/wp\/v2\/pages\/5655\/revisions"}],"predecessor-version":[{"id":6207,"href":"https:\/\/www.storiaememorie.org\/es\/wp-json\/wp\/v2\/pages\/5655\/revisions\/6207"}],"up":[{"embeddable":true,"href":"https:\/\/www.storiaememorie.org\/es\/wp-json\/wp\/v2\/pages\/5845"}],"wp:attachment":[{"href":"https:\/\/www.storiaememorie.org\/es\/wp-json\/wp\/v2\/media?parent=5655"}],"curies":[{"name":"wp","href":"https:\/\/api.w.org\/{rel}","templated":true}]}}