{"id":5667,"date":"2024-09-17T09:30:50","date_gmt":"2024-09-17T09:30:50","guid":{"rendered":"https:\/\/www.storiaememorie.org\/el-g-galilei-de-macomer-en-canada\/"},"modified":"2024-10-29T08:28:04","modified_gmt":"2024-10-29T08:28:04","slug":"el-g-galilei-de-macomer-en-canada","status":"publish","type":"page","link":"https:\/\/www.storiaememorie.org\/es\/escuelas\/el-g-galilei-de-macomer-en-canada\/","title":{"rendered":"El G. Galilei de Macomer en Canad\u00e1"},"content":{"rendered":"\t\t<div data-elementor-type=\"wp-page\" data-elementor-id=\"5667\" class=\"elementor elementor-5667\" data-elementor-post-type=\"page\">\n\t\t\t\t\t\t<div class=\"elementor-section elementor-top-section elementor-element elementor-element-3b1bf09 elementor-section-full_width elementor-section-height-default elementor-section-height-default\" data-id=\"3b1bf09\" data-element_type=\"section\">\n\t\t\t\t\t\t<div class=\"elementor-container elementor-column-gap-no\">\n\t\t\t\t\t<div class=\"elementor-column elementor-col-100 elementor-top-column elementor-element elementor-element-598d12c\" data-id=\"598d12c\" data-element_type=\"column\">\n\t\t\t<div class=\"elementor-widget-wrap elementor-element-populated\">\n\t\t\t\t\t\t<div class=\"elementor-element elementor-element-e72b95a elementor-widget elementor-widget-Falar_Sustainability\" data-id=\"e72b95a\" data-element_type=\"widget\" data-widget_type=\"Falar_Sustainability.default\">\n\t\t\t\t<div class=\"elementor-widget-container\">\n\t\t\t\t\t\r\n        <!-- Sustainability Warp Start -->\r\n        <div class=\"sustainability-warp pb-100\">\r\n            <div class=\"container\">\r\n                <div class=\"row\">\r\n                    <div class=\"col-lg-6\">\r\n                        <div class=\"sustainability-content\">\r\n                                                            <h2 class=\"reveal3\">\r\n                                     \"Estudiantes de Macomer en San Francisco, Argentina: Un Viaje entre Cultura, Historia y Emigraci\u00f3n\"                                <\/h2>\r\n                             \r\n                                                            <p>\r\n                                     En 2023, los alumnos del Liceo G. Galilei participaron en el proyecto Frisali \"Historia y Memorias\" en Canad\u00e1. Durante el viaje, tuvieron la oportunidad de explorar la ciudad de Toronto y participar en diversas actividades culturales. Al encontrarse con personas de origen italiano, compartieron experiencias relacionadas con la emigraci\u00f3n, reforzando los lazos culturales entre Italia y Canad\u00e1. La estancia concluy\u00f3 con despedidas y encuentros significativos que dejaron un impacto positivo en los participantes.  ---   Fammi sapere se desideri qualche aggiustamento!                                <\/p>\r\n                             \r\n                            <ul class=\"sustainability-list\">\r\n                                                                    <li>\r\n                                        <i class=\"ti ti-check\"><\/i>\r\n                                        Periodo:                                     <\/li>\r\n                                                                    <li>\r\n                                        <i class=\"ti ti-check\"><\/i>\r\n                                        Participaron:                                    <\/li>\r\n                                                            <\/ul>\r\n                        <\/div>\r\n                    <\/div>\r\n                    <div class=\"col-lg-6\">\r\n                        <div class=\"sustainability-image\">\r\n                            <div class=\"row\">\r\n                                <div class=\"col-lg-6 col-md-6\">\r\n                                                                            <div class=\"image style1\">\r\n                                            <img decoding=\"async\" src=\"https:\/\/www.storiaememorie.org\/wp-content\/uploads\/2024\/10\/Immagine-2024-10-23-151259.png\" alt=\"image\">\r\n                                        <\/div>\r\n                                                                    <\/div>\r\n                                <div class=\"col-lg-6 col-md-6\">\r\n                                                                            <div class=\"image style2\">\r\n                                            <img decoding=\"async\" src=\"https:\/\/www.storiaememorie.org\/wp-content\/uploads\/2024\/10\/Immagine-2024-10-23-151357.png\" alt=\"image\">\r\n                                        <\/div>\r\n                                                                    <\/div>\r\n                            <\/div>\r\n                        <\/div>\r\n                    <\/div>\r\n                <\/div>\r\n            <\/div>\r\n        <\/div>\r\n        <!-- Sustainability Warp End -->\r\n        \t\t\t\t<\/div>\n\t\t\t\t<\/div>\n\t\t\t\t\t<\/div>\n\t\t<\/div>\n\t\t\t\t\t<\/div>\n\t\t<\/div>\n\t\t<div class=\"elementor-element elementor-element-e67c3eb e-con-full e-flex e-con e-parent\" data-id=\"e67c3eb\" data-element_type=\"container\">\n\t\t\t\t<div class=\"elementor-element elementor-element-5ad9f01 elementor-widget-divider--view-line elementor-widget elementor-widget-divider\" data-id=\"5ad9f01\" data-element_type=\"widget\" data-widget_type=\"divider.default\">\n\t\t\t\t<div class=\"elementor-widget-container\">\n\t\t\t\t\t\t\t<div class=\"elementor-divider\">\n\t\t\t<span class=\"elementor-divider-separator\">\n\t\t\t\t\t\t<\/span>\n\t\t<\/div>\n\t\t\t\t\t\t<\/div>\n\t\t\t\t<\/div>\n\t\t\t\t<\/div>\n\t\t<div class=\"elementor-element elementor-element-292fadb e-con-full e-flex e-con e-parent\" data-id=\"292fadb\" data-element_type=\"container\">\n\t\t\t\t<div class=\"elementor-element elementor-element-f7091bf elementor-widget elementor-widget-heading\" data-id=\"f7091bf\" data-element_type=\"widget\" data-widget_type=\"heading.default\">\n\t\t\t\t<div class=\"elementor-widget-container\">\n\t\t\t\t\t<h2 class=\"elementor-heading-title elementor-size-default\">Resultados<\/h2>\t\t\t\t<\/div>\n\t\t\t\t<\/div>\n\t\t\t\t<\/div>\n\t\t<div class=\"elementor-element elementor-element-5e5c7f0 e-con-full e-flex e-con e-parent\" data-id=\"5e5c7f0\" data-element_type=\"container\">\n\t\t<div class=\"elementor-element elementor-element-2d17b1f e-con-full e-flex e-con e-child\" data-id=\"2d17b1f\" data-element_type=\"container\">\n\t\t\t\t<div class=\"elementor-element elementor-element-8c75d59 elementor-align-left elementor-widget elementor-widget-button\" data-id=\"8c75d59\" data-element_type=\"widget\" data-widget_type=\"button.default\">\n\t\t\t\t<div class=\"elementor-widget-container\">\n\t\t\t\t\t\t\t\t\t<div class=\"elementor-button-wrapper\">\n\t\t\t\t\t<a class=\"elementor-button elementor-button-link elementor-size-sm\" href=\"https:\/\/www.storiaememorie.org\/wp-content\/uploads\/2024\/10\/Lavoro-Storia-e-Memorie.pdf\" target=\"_blank\">\n\t\t\t\t\t\t<span class=\"elementor-button-content-wrapper\">\n\t\t\t\t\t\t<span class=\"elementor-button-icon\">\n\t\t\t\t<svg aria-hidden=\"true\" class=\"e-font-icon-svg e-fas-download\" viewBox=\"0 0 512 512\" xmlns=\"http:\/\/www.w3.org\/2000\/svg\"><path d=\"M216 0h80c13.3 0 24 10.7 24 24v168h87.7c17.8 0 26.7 21.5 14.1 34.1L269.7 378.3c-7.5 7.5-19.8 7.5-27.3 0L90.1 226.1c-12.6-12.6-3.7-34.1 14.1-34.1H192V24c0-13.3 10.7-24 24-24zm296 376v112c0 13.3-10.7 24-24 24H24c-13.3 0-24-10.7-24-24V376c0-13.3 10.7-24 24-24h146.7l49 49c20.1 20.1 52.5 20.1 72.6 0l49-49H488c13.3 0 24 10.7 24 24zm-124 88c0-11-9-20-20-20s-20 9-20 20 9 20 20 20 20-9 20-20zm64 0c0-11-9-20-20-20s-20 9-20 20 9 20 20 20 20-9 20-20z\"><\/path><\/svg>\t\t\t<\/span>\n\t\t\t\t\t\t\t\t\t<span class=\"elementor-button-text\">Estudio de los movimientos migratorios<\/span>\n\t\t\t\t\t<\/span>\n\t\t\t\t\t<\/a>\n\t\t\t\t<\/div>\n\t\t\t\t\t\t\t\t<\/div>\n\t\t\t\t<\/div>\n\t\t\t\t<\/div>\n\t\t<div class=\"elementor-element elementor-element-4838347 e-con-full e-flex e-con e-child\" data-id=\"4838347\" data-element_type=\"container\">\n\t\t\t\t<\/div>\n\t\t<div class=\"elementor-element elementor-element-198880f e-con-full e-flex e-con e-child\" data-id=\"198880f\" data-element_type=\"container\">\n\t\t\t\t<div class=\"elementor-element elementor-element-06673e9 elementor-widget elementor-widget-video\" data-id=\"06673e9\" data-element_type=\"widget\" data-settings=\"{&quot;video_type&quot;:&quot;hosted&quot;,&quot;controls&quot;:&quot;yes&quot;}\" data-widget_type=\"video.default\">\n\t\t\t\t<div class=\"elementor-widget-container\">\n\t\t\t\t\t\t\t<div class=\"e-hosted-video elementor-wrapper elementor-open-inline\">\n\t\t\t\t\t<video class=\"elementor-video\" src=\"https:\/\/www.storiaememorie.org\/wp-content\/uploads\/2024\/10\/video-Canada-Frisali.mp4\" controls=\"\" preload=\"metadata\" controlsList=\"nodownload\"><\/video>\n\t\t\t\t<\/div>\n\t\t\t\t\t\t<\/div>\n\t\t\t\t<\/div>\n\t\t\t\t<\/div>\n\t\t\t\t<\/div>\n\t\t<div class=\"elementor-element elementor-element-9120195 e-con-full e-flex e-con e-parent\" data-id=\"9120195\" data-element_type=\"container\">\n\t\t<div class=\"elementor-element elementor-element-2a50af1 e-con-full e-flex e-con e-child\" data-id=\"2a50af1\" data-element_type=\"container\">\n\t\t\t\t<\/div>\n\t\t<div class=\"elementor-element elementor-element-8bd4b25 e-con-full e-flex e-con e-child\" data-id=\"8bd4b25\" data-element_type=\"container\">\n\t\t\t\t<\/div>\n\t\t<div class=\"elementor-element elementor-element-0537021 e-con-full e-flex e-con e-child\" data-id=\"0537021\" data-element_type=\"container\">\n\t\t\t\t<\/div>\n\t\t\t\t<\/div>\n\t\t<div class=\"elementor-element elementor-element-0ae7119 e-con-full e-flex e-con e-parent\" data-id=\"0ae7119\" data-element_type=\"container\">\n\t\t\t\t<div class=\"elementor-element elementor-element-d5e0d2f elementor-widget elementor-widget-menu-anchor\" data-id=\"d5e0d2f\" data-element_type=\"widget\" data-widget_type=\"menu-anchor.default\">\n\t\t\t\t<div class=\"elementor-widget-container\">\n\t\t\t\t\t\t\t<div class=\"elementor-menu-anchor\" id=\"galera\"><\/div>\n\t\t\t\t\t\t<\/div>\n\t\t\t\t<\/div>\n\t\t\t\t<div class=\"elementor-element elementor-element-a54e2c9 elementor-widget-divider--view-line elementor-widget elementor-widget-divider\" data-id=\"a54e2c9\" data-element_type=\"widget\" data-widget_type=\"divider.default\">\n\t\t\t\t<div class=\"elementor-widget-container\">\n\t\t\t\t\t\t\t<div class=\"elementor-divider\">\n\t\t\t<span class=\"elementor-divider-separator\">\n\t\t\t\t\t\t<\/span>\n\t\t<\/div>\n\t\t\t\t\t\t<\/div>\n\t\t\t\t<\/div>\n\t\t\t\t<\/div>\n\t\t<div class=\"elementor-element elementor-element-5c3dfd3 e-con-full e-flex e-con e-parent\" data-id=\"5c3dfd3\" data-element_type=\"container\">\n\t\t\t\t<div class=\"elementor-element elementor-element-0787e01 elementor-widget elementor-widget-heading\" data-id=\"0787e01\" data-element_type=\"widget\" data-widget_type=\"heading.default\">\n\t\t\t\t<div class=\"elementor-widget-container\">\n\t\t\t\t\t<h2 class=\"elementor-heading-title elementor-size-default\">Galer\u00eda de fotos<\/h2>\t\t\t\t<\/div>\n\t\t\t\t<\/div>\n\t\t\t\t<\/div>\n\t\t\t\t<\/div>\n\t\t","protected":false},"excerpt":{"rendered":"<p>\u00abEstudiantes de Macomer en San Francisco, Argentina: Un Viaje entre Cultura, Historia y Emigraci\u00f3n\u00bb En 2023, los alumnos del Liceo G. Galilei participaron en el proyecto Frisali \u00abHistoria y Memorias\u00bb en Canad\u00e1. Durante el viaje, tuvieron la oportunidad de explorar la ciudad de Toronto y participar en diversas actividades culturales. Al encontrarse con personas de <\/p>\n","protected":false},"author":1,"featured_media":0,"parent":5845,"menu_order":0,"comment_status":"closed","ping_status":"closed","template":"","meta":{"_acf_changed":false,"footnotes":""},"class_list":["post-5667","page","type-page","status-publish","hentry"],"acf":[],"yoast_head":"<!-- This site is optimized with the Yoast SEO plugin v26.3 - https:\/\/yoast.com\/wordpress\/plugins\/seo\/ -->\n<title>El G. Galilei de Macomer en Canad\u00e1 - Storia e Memorie<\/title>\n<meta name=\"robots\" content=\"index, follow, max-snippet:-1, max-image-preview:large, max-video-preview:-1\" \/>\n<link rel=\"canonical\" href=\"https:\/\/www.storiaememorie.org\/scuole\/il-g-galilei-di-macomer-in-argentina\/\" \/>\n<meta property=\"og:locale\" content=\"es_ES\" \/>\n<meta property=\"og:type\" content=\"article\" \/>\n<meta property=\"og:title\" content=\"El G. Galilei de Macomer en Canad\u00e1 - Storia e Memorie\" \/>\n<meta property=\"og:description\" content=\"\u00abEstudiantes de Macomer en San Francisco, Argentina: Un Viaje entre Cultura, Historia y Emigraci\u00f3n\u00bb En 2023, los alumnos del Liceo G. Galilei participaron en el proyecto Frisali \u00abHistoria y Memorias\u00bb en Canad\u00e1. Durante el viaje, tuvieron la oportunidad de explorar la ciudad de Toronto y participar en diversas actividades culturales. Al encontrarse con personas de\" \/>\n<meta property=\"og:url\" content=\"https:\/\/www.storiaememorie.org\/scuole\/il-g-galilei-di-macomer-in-argentina\/\" \/>\n<meta property=\"og:site_name\" content=\"Storia e Memorie\" \/>\n<meta property=\"article:modified_time\" content=\"2024-10-29T08:28:04+00:00\" \/>\n<meta property=\"og:image\" content=\"https:\/\/www.storiaememorie.org\/wp-content\/uploads\/2024\/10\/Immagine-2024-10-23-151259.png\" \/>\n<meta name=\"twitter:card\" content=\"summary_large_image\" \/>\n<meta name=\"twitter:label1\" content=\"Tiempo de lectura\" \/>\n\t<meta name=\"twitter:data1\" content=\"1 minuto\" \/>\n<script type=\"application\/ld+json\" class=\"yoast-schema-graph\">{\"@context\":\"https:\/\/schema.org\",\"@graph\":[{\"@type\":\"WebPage\",\"@id\":\"https:\/\/www.storiaememorie.org\/scuole\/il-g-galilei-di-macomer-in-argentina\/\",\"url\":\"https:\/\/www.storiaememorie.org\/scuole\/il-g-galilei-di-macomer-in-argentina\/\",\"name\":\"El G. Galilei de Macomer en Canad\u00e1 - Storia e Memorie\",\"isPartOf\":{\"@id\":\"https:\/\/www.storiaememorie.org\/#website\"},\"primaryImageOfPage\":{\"@id\":\"https:\/\/www.storiaememorie.org\/scuole\/il-g-galilei-di-macomer-in-argentina\/#primaryimage\"},\"image\":{\"@id\":\"https:\/\/www.storiaememorie.org\/scuole\/il-g-galilei-di-macomer-in-argentina\/#primaryimage\"},\"thumbnailUrl\":\"https:\/\/www.storiaememorie.org\/wp-content\/uploads\/2024\/10\/Immagine-2024-10-23-151259.png\",\"datePublished\":\"2024-09-17T09:30:50+00:00\",\"dateModified\":\"2024-10-29T08:28:04+00:00\",\"breadcrumb\":{\"@id\":\"https:\/\/www.storiaememorie.org\/scuole\/il-g-galilei-di-macomer-in-argentina\/#breadcrumb\"},\"inLanguage\":\"es\",\"potentialAction\":[{\"@type\":\"ReadAction\",\"target\":[\"https:\/\/www.storiaememorie.org\/scuole\/il-g-galilei-di-macomer-in-argentina\/\"]}]},{\"@type\":\"ImageObject\",\"inLanguage\":\"es\",\"@id\":\"https:\/\/www.storiaememorie.org\/scuole\/il-g-galilei-di-macomer-in-argentina\/#primaryimage\",\"url\":\"https:\/\/www.storiaememorie.org\/wp-content\/uploads\/2024\/10\/Immagine-2024-10-23-151259.png\",\"contentUrl\":\"https:\/\/www.storiaememorie.org\/wp-content\/uploads\/2024\/10\/Immagine-2024-10-23-151259.png\"},{\"@type\":\"BreadcrumbList\",\"@id\":\"https:\/\/www.storiaememorie.org\/scuole\/il-g-galilei-di-macomer-in-argentina\/#breadcrumb\",\"itemListElement\":[{\"@type\":\"ListItem\",\"position\":1,\"name\":\"Home\",\"item\":\"https:\/\/www.storiaememorie.org\/es\/inicio\/\"},{\"@type\":\"ListItem\",\"position\":2,\"name\":\"Escuelas\",\"item\":\"https:\/\/www.storiaememorie.org\/scuole\/\"},{\"@type\":\"ListItem\",\"position\":3,\"name\":\"El G. Galilei de Macomer en Canad\u00e1\"}]},{\"@type\":\"WebSite\",\"@id\":\"https:\/\/www.storiaememorie.org\/#website\",\"url\":\"https:\/\/www.storiaememorie.org\/\",\"name\":\"Storia e Memorie\",\"description\":\"&quot;Storia e memorie&quot;, sulle strade della emigrazione italiana\",\"potentialAction\":[{\"@type\":\"SearchAction\",\"target\":{\"@type\":\"EntryPoint\",\"urlTemplate\":\"https:\/\/www.storiaememorie.org\/?s={search_term_string}\"},\"query-input\":{\"@type\":\"PropertyValueSpecification\",\"valueRequired\":true,\"valueName\":\"search_term_string\"}}],\"inLanguage\":\"es\"}]}<\/script>\n<!-- \/ Yoast SEO plugin. -->","yoast_head_json":{"title":"El G. Galilei de Macomer en Canad\u00e1 - Storia e Memorie","robots":{"index":"index","follow":"follow","max-snippet":"max-snippet:-1","max-image-preview":"max-image-preview:large","max-video-preview":"max-video-preview:-1"},"canonical":"https:\/\/www.storiaememorie.org\/scuole\/il-g-galilei-di-macomer-in-argentina\/","og_locale":"es_ES","og_type":"article","og_title":"El G. Galilei de Macomer en Canad\u00e1 - Storia e Memorie","og_description":"\u00abEstudiantes de Macomer en San Francisco, Argentina: Un Viaje entre Cultura, Historia y Emigraci\u00f3n\u00bb En 2023, los alumnos del Liceo G. Galilei participaron en el proyecto Frisali \u00abHistoria y Memorias\u00bb en Canad\u00e1. Durante el viaje, tuvieron la oportunidad de explorar la ciudad de Toronto y participar en diversas actividades culturales. Al encontrarse con personas de","og_url":"https:\/\/www.storiaememorie.org\/scuole\/il-g-galilei-di-macomer-in-argentina\/","og_site_name":"Storia e Memorie","article_modified_time":"2024-10-29T08:28:04+00:00","og_image":[{"url":"https:\/\/www.storiaememorie.org\/wp-content\/uploads\/2024\/10\/Immagine-2024-10-23-151259.png","type":"","width":"","height":""}],"twitter_card":"summary_large_image","twitter_misc":{"Tiempo de lectura":"1 minuto"},"schema":{"@context":"https:\/\/schema.org","@graph":[{"@type":"WebPage","@id":"https:\/\/www.storiaememorie.org\/scuole\/il-g-galilei-di-macomer-in-argentina\/","url":"https:\/\/www.storiaememorie.org\/scuole\/il-g-galilei-di-macomer-in-argentina\/","name":"El G. Galilei de Macomer en Canad\u00e1 - Storia e Memorie","isPartOf":{"@id":"https:\/\/www.storiaememorie.org\/#website"},"primaryImageOfPage":{"@id":"https:\/\/www.storiaememorie.org\/scuole\/il-g-galilei-di-macomer-in-argentina\/#primaryimage"},"image":{"@id":"https:\/\/www.storiaememorie.org\/scuole\/il-g-galilei-di-macomer-in-argentina\/#primaryimage"},"thumbnailUrl":"https:\/\/www.storiaememorie.org\/wp-content\/uploads\/2024\/10\/Immagine-2024-10-23-151259.png","datePublished":"2024-09-17T09:30:50+00:00","dateModified":"2024-10-29T08:28:04+00:00","breadcrumb":{"@id":"https:\/\/www.storiaememorie.org\/scuole\/il-g-galilei-di-macomer-in-argentina\/#breadcrumb"},"inLanguage":"es","potentialAction":[{"@type":"ReadAction","target":["https:\/\/www.storiaememorie.org\/scuole\/il-g-galilei-di-macomer-in-argentina\/"]}]},{"@type":"ImageObject","inLanguage":"es","@id":"https:\/\/www.storiaememorie.org\/scuole\/il-g-galilei-di-macomer-in-argentina\/#primaryimage","url":"https:\/\/www.storiaememorie.org\/wp-content\/uploads\/2024\/10\/Immagine-2024-10-23-151259.png","contentUrl":"https:\/\/www.storiaememorie.org\/wp-content\/uploads\/2024\/10\/Immagine-2024-10-23-151259.png"},{"@type":"BreadcrumbList","@id":"https:\/\/www.storiaememorie.org\/scuole\/il-g-galilei-di-macomer-in-argentina\/#breadcrumb","itemListElement":[{"@type":"ListItem","position":1,"name":"Home","item":"https:\/\/www.storiaememorie.org\/es\/inicio\/"},{"@type":"ListItem","position":2,"name":"Escuelas","item":"https:\/\/www.storiaememorie.org\/scuole\/"},{"@type":"ListItem","position":3,"name":"El G. Galilei de Macomer en Canad\u00e1"}]},{"@type":"WebSite","@id":"https:\/\/www.storiaememorie.org\/#website","url":"https:\/\/www.storiaememorie.org\/","name":"Storia e Memorie","description":"&quot;Storia e memorie&quot;, sulle strade della emigrazione italiana","potentialAction":[{"@type":"SearchAction","target":{"@type":"EntryPoint","urlTemplate":"https:\/\/www.storiaememorie.org\/?s={search_term_string}"},"query-input":{"@type":"PropertyValueSpecification","valueRequired":true,"valueName":"search_term_string"}}],"inLanguage":"es"}]}},"_links":{"self":[{"href":"https:\/\/www.storiaememorie.org\/es\/wp-json\/wp\/v2\/pages\/5667","targetHints":{"allow":["GET"]}}],"collection":[{"href":"https:\/\/www.storiaememorie.org\/es\/wp-json\/wp\/v2\/pages"}],"about":[{"href":"https:\/\/www.storiaememorie.org\/es\/wp-json\/wp\/v2\/types\/page"}],"author":[{"embeddable":true,"href":"https:\/\/www.storiaememorie.org\/es\/wp-json\/wp\/v2\/users\/1"}],"replies":[{"embeddable":true,"href":"https:\/\/www.storiaememorie.org\/es\/wp-json\/wp\/v2\/comments?post=5667"}],"version-history":[{"count":7,"href":"https:\/\/www.storiaememorie.org\/es\/wp-json\/wp\/v2\/pages\/5667\/revisions"}],"predecessor-version":[{"id":6166,"href":"https:\/\/www.storiaememorie.org\/es\/wp-json\/wp\/v2\/pages\/5667\/revisions\/6166"}],"up":[{"embeddable":true,"href":"https:\/\/www.storiaememorie.org\/es\/wp-json\/wp\/v2\/pages\/5845"}],"wp:attachment":[{"href":"https:\/\/www.storiaememorie.org\/es\/wp-json\/wp\/v2\/media?parent=5667"}],"curies":[{"name":"wp","href":"https:\/\/api.w.org\/{rel}","templated":true}]}}